{"id":1932,"date":"2022-07-24T19:36:37","date_gmt":"2022-07-24T17:36:37","guid":{"rendered":"https:\/\/collectif-louves.fr\/?page_id=1932"},"modified":"2023-07-05T22:56:01","modified_gmt":"2023-07-05T20:56:01","slug":"scorpion-2","status":"publish","type":"page","link":"http:\/\/collectif-louves.fr\/?page_id=1932","title":{"rendered":"Scorpion"},"content":{"rendered":"\t\t<div data-elementor-type=\"wp-page\" data-elementor-id=\"1932\" class=\"elementor elementor-1932\">\n\t\t\t\t\t\t\t\t\t<section class=\"elementor-section elementor-top-section elementor-element elementor-element-722ef93d elementor-section-boxed elementor-section-height-default elementor-section-height-default\" data-id=\"722ef93d\" data-element_type=\"section\">\n\t\t\t\t\t\t<div class=\"elementor-container elementor-column-gap-default\">\n\t\t\t\t\t<div class=\"elementor-column elementor-col-100 elementor-top-column elementor-element elementor-element-bc1b3aa\" data-id=\"bc1b3aa\" data-element_type=\"column\">\n\t\t\t<div class=\"elementor-widget-wrap\">\n\t\t\t\t\t\t\t\t\t<\/div>\n\t\t<\/div>\n\t\t\t\t\t\t\t<\/div>\n\t\t<\/section>\n\t\t\t\t<section class=\"elementor-section elementor-top-section elementor-element elementor-element-c9f64e2 elementor-section-boxed elementor-section-height-default elementor-section-height-default\" data-id=\"c9f64e2\" data-element_type=\"section\" data-settings=\"{&quot;background_background&quot;:&quot;classic&quot;}\">\n\t\t\t\t\t\t<div class=\"elementor-container elementor-column-gap-default\">\n\t\t\t\t\t<div class=\"elementor-column elementor-col-100 elementor-top-column elementor-element elementor-element-0c09882\" data-id=\"0c09882\" data-element_type=\"column\">\n\t\t\t<div class=\"elementor-widget-wrap elementor-element-populated\">\n\t\t\t\t\t\t\t\t<div class=\"elementor-element elementor-element-6095832 elementor-widget elementor-widget-image\" data-id=\"6095832\" data-element_type=\"widget\" data-widget_type=\"image.default\">\n\t\t\t\t<div class=\"elementor-widget-container\">\n\t\t\t<style>\/*! elementor - v3.6.7 - 03-07-2022 *\/\n.elementor-widget-image{text-align:center}.elementor-widget-image a{display:inline-block}.elementor-widget-image a img[src$=\".svg\"]{width:48px}.elementor-widget-image img{vertical-align:middle;display:inline-block}<\/style>\t\t\t\t\t\t\t\t\t\t\t\t<img width=\"827\" height=\"168\" src=\"http:\/\/collectif-louves.fr\/wp-content\/uploads\/2022\/07\/TITRE-6.png\" class=\"attachment-full size-full\" alt=\"\" loading=\"lazy\" srcset=\"http:\/\/collectif-louves.fr\/wp-content\/uploads\/2022\/07\/TITRE-6.png 827w, http:\/\/collectif-louves.fr\/wp-content\/uploads\/2022\/07\/TITRE-6-480x98.png 480w\" sizes=\"(min-width: 0px) and (max-width: 480px) 480px, (min-width: 481px) 827px, 100vw\" \/>\t\t\t\t\t\t\t\t\t\t\t\t\t\t\t<\/div>\n\t\t\t\t<\/div>\n\t\t\t\t<div class=\"elementor-element elementor-element-11db4e3 elementor-widget elementor-widget-image\" data-id=\"11db4e3\" data-element_type=\"widget\" data-widget_type=\"image.default\">\n\t\t\t\t<div class=\"elementor-widget-container\">\n\t\t\t\t\t\t\t\t\t\t\t\t\t\t\t<img width=\"1291\" height=\"861\" src=\"http:\/\/collectif-louves.fr\/wp-content\/uploads\/2022\/11\/Mask-group-8.png\" class=\"attachment-full size-full\" alt=\"\" loading=\"lazy\" srcset=\"http:\/\/collectif-louves.fr\/wp-content\/uploads\/2022\/11\/Mask-group-8.png 1291w, http:\/\/collectif-louves.fr\/wp-content\/uploads\/2022\/11\/Mask-group-8-1280x854.png 1280w, http:\/\/collectif-louves.fr\/wp-content\/uploads\/2022\/11\/Mask-group-8-980x654.png 980w, http:\/\/collectif-louves.fr\/wp-content\/uploads\/2022\/11\/Mask-group-8-480x320.png 480w\" sizes=\"(min-width: 0px) and (max-width: 480px) 480px, (min-width: 481px) and (max-width: 980px) 980px, (min-width: 981px) and (max-width: 1280px) 1280px, (min-width: 1281px) 1291px, 100vw\" \/>\t\t\t\t\t\t\t\t\t\t\t\t\t\t\t<\/div>\n\t\t\t\t<\/div>\n\t\t\t\t<div class=\"elementor-element elementor-element-f403c4c elementor-widget elementor-widget-text-editor\" data-id=\"f403c4c\" data-element_type=\"widget\" data-widget_type=\"text-editor.default\">\n\t\t\t\t<div class=\"elementor-widget-container\">\n\t\t\t<style>\/*! elementor - v3.6.7 - 03-07-2022 *\/\n.elementor-widget-text-editor.elementor-drop-cap-view-stacked .elementor-drop-cap{background-color:#818a91;color:#fff}.elementor-widget-text-editor.elementor-drop-cap-view-framed .elementor-drop-cap{color:#818a91;border:3px solid;background-color:transparent}.elementor-widget-text-editor:not(.elementor-drop-cap-view-default) .elementor-drop-cap{margin-top:8px}.elementor-widget-text-editor:not(.elementor-drop-cap-view-default) .elementor-drop-cap-letter{width:1em;height:1em}.elementor-widget-text-editor .elementor-drop-cap{float:left;text-align:center;line-height:1;font-size:50px}.elementor-widget-text-editor .elementor-drop-cap-letter{display:inline-block}<\/style>\t\t\t\t<p class=\"p1\">Cette forme rituelle convoque 14 interpr\u00e8tes dans un dispositif relevant aussi bien du th\u00e9\u00e2tre, de la danse, de la performance et de l\u2019installation plastique. Des femmes \u00e2g\u00e9es de 15 \u00e0 65 ans donnent vie \u00e0 des tableaux c\u00e9r\u00e9moniaux et symboliques, au milieu des spectateurs-officiants qui, debout, partagent le m\u00eame espace que les interpr\u00e8tes. Cette c\u00e9r\u00e9monie silencieuse est celle de notre renaissance. On y explore les violences de femmes \u00e0 femmes, on questionne notre misogynie int\u00e9rioris\u00e9e, on se regarde les unes les autres pour se demander pardon.<\/p>\t\t\t\t\t\t<\/div>\n\t\t\t\t<\/div>\n\t\t\t\t<div class=\"elementor-element elementor-element-713929f elementor-widget elementor-widget-text-editor\" data-id=\"713929f\" data-element_type=\"widget\" data-widget_type=\"text-editor.default\">\n\t\t\t\t<div class=\"elementor-widget-container\">\n\t\t\t\t\t\t\t<p class=\"p1\"><strong>Spectacle laur\u00e9at de l&rsquo;Aide \u00e0 l&rsquo;Ecriture Mise en sc\u00e8ne de th\u00e9\u00e2tre<\/strong> <br \/>SACD &#8211; Association Beaumarchais (2022)<\/p>\t\t\t\t\t\t<\/div>\n\t\t\t\t<\/div>\n\t\t\t\t<section class=\"elementor-section elementor-inner-section elementor-element elementor-element-ea90f78 elementor-section-boxed elementor-section-height-default elementor-section-height-default\" data-id=\"ea90f78\" data-element_type=\"section\">\n\t\t\t\t\t\t<div class=\"elementor-container elementor-column-gap-default\">\n\t\t\t\t\t<div class=\"elementor-column elementor-col-100 elementor-inner-column elementor-element elementor-element-8870b0f\" data-id=\"8870b0f\" data-element_type=\"column\">\n\t\t\t<div class=\"elementor-widget-wrap elementor-element-populated\">\n\t\t\t\t\t\t\t\t<div class=\"elementor-element elementor-element-82b28d4 elementor-widget elementor-widget-image\" data-id=\"82b28d4\" data-element_type=\"widget\" data-widget_type=\"image.default\">\n\t\t\t\t<div class=\"elementor-widget-container\">\n\t\t\t\t\t\t\t\t\t\t\t\t\t\t\t<img width=\"1728\" height=\"422\" src=\"http:\/\/collectif-louves.fr\/wp-content\/uploads\/2022\/07\/Mask-group_2-3.png\" class=\"attachment-full size-full\" alt=\"\" loading=\"lazy\" srcset=\"http:\/\/collectif-louves.fr\/wp-content\/uploads\/2022\/07\/Mask-group_2-3.png 1728w, http:\/\/collectif-louves.fr\/wp-content\/uploads\/2022\/07\/Mask-group_2-3-1280x313.png 1280w, http:\/\/collectif-louves.fr\/wp-content\/uploads\/2022\/07\/Mask-group_2-3-980x239.png 980w, http:\/\/collectif-louves.fr\/wp-content\/uploads\/2022\/07\/Mask-group_2-3-480x117.png 480w\" sizes=\"(min-width: 0px) and (max-width: 480px) 480px, (min-width: 481px) and (max-width: 980px) 980px, (min-width: 981px) and (max-width: 1280px) 1280px, (min-width: 1281px) 1728px, 100vw\" \/>\t\t\t\t\t\t\t\t\t\t\t\t\t\t\t<\/div>\n\t\t\t\t<\/div>\n\t\t\t\t\t<\/div>\n\t\t<\/div>\n\t\t\t\t\t\t\t<\/div>\n\t\t<\/section>\n\t\t\t\t<div class=\"elementor-element elementor-element-c79cc86 elementor-widget elementor-widget-text-editor\" data-id=\"c79cc86\" data-element_type=\"widget\" data-widget_type=\"text-editor.default\">\n\t\t\t\t<div class=\"elementor-widget-container\">\n\t\t\t\t\t\t\t<p class=\"p1\"><strong>Prix de la Mise en sc\u00e8ne <\/strong>\u00a0<br \/>Festival Les Flor\u00e9ales (2021)<\/p>\t\t\t\t\t\t<\/div>\n\t\t\t\t<\/div>\n\t\t\t\t<div class=\"elementor-element elementor-element-8cfd8ad elementor-aspect-ratio-169 elementor-widget elementor-widget-video\" data-id=\"8cfd8ad\" data-element_type=\"widget\" data-settings=\"{&quot;youtube_url&quot;:&quot;https:\\\/\\\/www.youtube.com\\\/watch?v=cqfL4P1OB9Y&amp;feature=emb_title&quot;,&quot;video_type&quot;:&quot;youtube&quot;,&quot;controls&quot;:&quot;yes&quot;,&quot;aspect_ratio&quot;:&quot;169&quot;}\" data-widget_type=\"video.default\">\n\t\t\t\t<div class=\"elementor-widget-container\">\n\t\t\t<style>\/*! elementor - v3.6.7 - 03-07-2022 *\/\n.elementor-widget-video .elementor-widget-container{overflow:hidden;-webkit-transform:translateZ(0);transform:translateZ(0)}.elementor-widget-video .elementor-open-inline .elementor-custom-embed-image-overlay{position:absolute;top:0;left:0;width:100%;height:100%;background-size:cover;background-position:50%}.elementor-widget-video .elementor-custom-embed-image-overlay{cursor:pointer;text-align:center}.elementor-widget-video .elementor-custom-embed-image-overlay:hover .elementor-custom-embed-play i{opacity:1}.elementor-widget-video .elementor-custom-embed-image-overlay img{display:block;width:100%}.elementor-widget-video .e-hosted-video .elementor-video{-o-object-fit:cover;object-fit:cover}<\/style>\t\t<div class=\"elementor-wrapper elementor-fit-aspect-ratio elementor-open-inline\">\n\t\t\t<div class=\"elementor-video\"><\/div>\t\t<\/div>\n\t\t\t\t<\/div>\n\t\t\t\t<\/div>\n\t\t\t\t\t<\/div>\n\t\t<\/div>\n\t\t\t\t\t\t\t<\/div>\n\t\t<\/section>\n\t\t\t\t<section class=\"elementor-section elementor-top-section elementor-element elementor-element-207a0c8 elementor-section-boxed elementor-section-height-default elementor-section-height-default\" data-id=\"207a0c8\" data-element_type=\"section\" data-settings=\"{&quot;background_background&quot;:&quot;classic&quot;}\">\n\t\t\t\t\t\t<div class=\"elementor-container elementor-column-gap-default\">\n\t\t\t\t\t<div class=\"elementor-column elementor-col-100 elementor-top-column elementor-element elementor-element-a32d7dc\" data-id=\"a32d7dc\" data-element_type=\"column\">\n\t\t\t<div class=\"elementor-widget-wrap elementor-element-populated\">\n\t\t\t\t\t\t\t\t<div class=\"elementor-element elementor-element-83af553 elementor-widget elementor-widget-text-editor\" data-id=\"83af553\" data-element_type=\"widget\" data-widget_type=\"text-editor.default\">\n\t\t\t\t<div class=\"elementor-widget-container\">\n\t\t\t\t\t\t\t<p class=\"p1\">Conception et mise en sc\u00e8ne \/ <strong>Laure Marion<\/strong><\/p><p class=\"p1\">Dramaturgie \/ <strong>Clarisse Genton<\/strong><\/p><p class=\"p1\">Interpr\u00e9tation \/ <strong>Brenda Broohm, Mona Cha\u00efbi, Adjaratou Diakit\u00e9, Na\u00efs El Fassi, Lola, Gutierrez, In\u00e8s Latorre, Yasmine Modestine, N\u00e9ph\u00e9lie Peingnez, Marie Poin\u00e7ot, Cyrielle Rayet, Juliette Malala Tardif, Florie Toffin, Lou Viallon, Sophie Zafari<\/strong><\/p><p class=\"p1\">Costumes \/ <strong>Luciga\u00ebl Va\u00efti<\/strong><\/p><p class=\"p1\">Assistanat costumes \/ <strong>Cl\u00e9mentine Stab<\/strong><\/p><p class=\"p1\">Aide \u00e0 la construction \/ <strong>Florie Toffin<\/strong><\/p><p class=\"p1\">Cr\u00e9ation lumi\u00e8re \/ <strong>Anne Marchais<\/strong><\/p><p class=\"p1\">R\u00e9gie lumi\u00e8re \/ <strong>F\u00e9licie Parent<\/strong><\/p><p class=\"p1\">Composition florale \/ <strong>Cl\u00e9mentine Lorieux \u2013 Le Poids des P\u00e9tales<\/strong><\/p><p class=\"p1\">Direction vocale \/ <strong>Lola Gutierrez<\/strong><\/p><p class=\"p1\">Partenaires \/ <strong>Th\u00e9\u00e2tre de la Reine Blanche, Th\u00e9\u00e2tre Paris-Villette, Plateaux Sauvages, Ville de Paris \u2013 Aide \u00e0 la cr\u00e9ation et diffusion, Ville de Paris \u2013 Appel \u00e0 projet Initiatives \u00c9tudiantes, Lilas en Sc\u00e8ne, R\u00e9gion Ile-de-France, SACD &#8211; Association Beaumarchais, Festival Les Flor\u00e9ales, Cie Das Plateau, Espace culturel Boris Vian (91)<\/strong><\/p><p class=\"p1\">Repr\u00e9sentations \/ <strong>Plateaux Sauvages, Trabendo<\/strong><\/p>\t\t\t\t\t\t<\/div>\n\t\t\t\t<\/div>\n\t\t\t\t\t<\/div>\n\t\t<\/div>\n\t\t\t\t\t\t\t<\/div>\n\t\t<\/section>\n\t\t\t\t<section class=\"elementor-section elementor-top-section elementor-element elementor-element-96f53f7 elementor-section-boxed elementor-section-height-default elementor-section-height-default\" data-id=\"96f53f7\" data-element_type=\"section\" data-settings=\"{&quot;background_background&quot;:&quot;classic&quot;}\">\n\t\t\t\t\t\t<div class=\"elementor-container elementor-column-gap-extended\">\n\t\t\t\t\t<div class=\"elementor-column elementor-col-100 elementor-top-column elementor-element elementor-element-8553645\" data-id=\"8553645\" data-element_type=\"column\">\n\t\t\t<div class=\"elementor-widget-wrap elementor-element-populated\">\n\t\t\t\t\t\t\t\t<div class=\"elementor-element elementor-element-c0f6508 e-transform elementor-widget elementor-widget-image\" data-id=\"c0f6508\" data-element_type=\"widget\" data-settings=\"{&quot;_transform_scale_effect&quot;:{&quot;unit&quot;:&quot;px&quot;,&quot;size&quot;:&quot;&quot;,&quot;sizes&quot;:[]},&quot;_transform_scale_effect_tablet&quot;:{&quot;unit&quot;:&quot;px&quot;,&quot;size&quot;:&quot;&quot;,&quot;sizes&quot;:[]},&quot;_transform_scale_effect_mobile&quot;:{&quot;unit&quot;:&quot;px&quot;,&quot;size&quot;:&quot;&quot;,&quot;sizes&quot;:[]}}\" data-widget_type=\"image.default\">\n\t\t\t\t<div class=\"elementor-widget-container\">\n\t\t\t\t\t\t\t\t\t\t\t\t\t\t\t<img width=\"768\" height=\"733\" src=\"http:\/\/collectif-louves.fr\/wp-content\/uploads\/2022\/11\/rectangle-fin-de-page-768x733.jpg\" class=\"attachment-medium_large size-medium_large\" alt=\"\" loading=\"lazy\" \/>\t\t\t\t\t\t\t\t\t\t\t\t\t\t\t<\/div>\n\t\t\t\t<\/div>\n\t\t\t\t\t<\/div>\n\t\t<\/div>\n\t\t\t\t\t\t\t<\/div>\n\t\t<\/section>\n\t\t\t\t<section class=\"elementor-section elementor-top-section elementor-element elementor-element-e4a5d64 elementor-section-boxed elementor-section-height-default elementor-section-height-default\" data-id=\"e4a5d64\" data-element_type=\"section\">\n\t\t\t\t\t\t<div class=\"elementor-container elementor-column-gap-default\">\n\t\t\t\t\t<div class=\"elementor-column elementor-col-100 elementor-top-column elementor-element elementor-element-e0c8b93\" data-id=\"e0c8b93\" data-element_type=\"column\">\n\t\t\t<div class=\"elementor-widget-wrap elementor-element-populated\">\n\t\t\t\t\t\t\t\t<div class=\"elementor-element elementor-element-4be1812 elementor-widget elementor-widget-text-editor\" data-id=\"4be1812\" data-element_type=\"widget\" data-widget_type=\"text-editor.default\">\n\t\t\t\t<div class=\"elementor-widget-container\">\n\t\t\t\t\t\t\t<p>Cr\u00e9dit photos\/ Ulysse Sorabelle et Pierre de Fraguier, <br \/>Pauline Le Goff, Cl\u00e9mentine Lorieux<\/p>\t\t\t\t\t\t<\/div>\n\t\t\t\t<\/div>\n\t\t\t\t\t<\/div>\n\t\t<\/div>\n\t\t\t\t\t\t\t<\/div>\n\t\t<\/section>\n\t\t\t\t<section class=\"elementor-section elementor-top-section elementor-element elementor-element-f0c7640 elementor-section-boxed elementor-section-height-default elementor-section-height-default\" data-id=\"f0c7640\" data-element_type=\"section\">\n\t\t\t\t\t\t<div class=\"elementor-container elementor-column-gap-default\">\n\t\t\t\t\t<div class=\"elementor-column elementor-col-100 elementor-top-column elementor-element elementor-element-9acc73d\" data-id=\"9acc73d\" data-element_type=\"column\">\n\t\t\t<div class=\"elementor-widget-wrap elementor-element-populated\">\n\t\t\t\t\t\t\t\t<section class=\"elementor-section elementor-inner-section elementor-element elementor-element-e1a9bf1 elementor-section-full_width elementor-section-height-default elementor-section-height-default\" data-id=\"e1a9bf1\" data-element_type=\"section\">\n\t\t\t\t\t\t\t<div class=\"elementor-background-overlay\"><\/div>\n\t\t\t\t\t\t\t<div class=\"elementor-container elementor-column-gap-default\">\n\t\t\t\t\t<div class=\"elementor-column elementor-col-33 elementor-inner-column elementor-element elementor-element-35eb3e9\" data-id=\"35eb3e9\" data-element_type=\"column\">\n\t\t\t<div class=\"elementor-widget-wrap elementor-element-populated\">\n\t\t\t\t\t\t\t\t<div class=\"elementor-element elementor-element-3f8d37d elementor-widget elementor-widget-image\" data-id=\"3f8d37d\" data-element_type=\"widget\" data-widget_type=\"image.default\">\n\t\t\t\t<div class=\"elementor-widget-container\">\n\t\t\t\t\t\t\t\t\t\t\t\t\t\t\t\t<a href=\"https:\/\/www.facebook.com\/collectif.louves\">\n\t\t\t\t\t\t\t<img width=\"49\" height=\"45\" src=\"http:\/\/collectif-louves.fr\/wp-content\/uploads\/2022\/07\/124010-1.png\" class=\"attachment-full size-full\" alt=\"\" loading=\"lazy\" \/>\t\t\t\t\t\t\t\t<\/a>\n\t\t\t\t\t\t\t\t\t\t\t\t\t\t\t<\/div>\n\t\t\t\t<\/div>\n\t\t\t\t\t<\/div>\n\t\t<\/div>\n\t\t\t\t<div class=\"elementor-column elementor-col-33 elementor-inner-column elementor-element elementor-element-520824b\" data-id=\"520824b\" data-element_type=\"column\">\n\t\t\t<div class=\"elementor-widget-wrap elementor-element-populated\">\n\t\t\t\t\t\t\t\t<div class=\"elementor-element elementor-element-8ffff9c elementor-widget elementor-widget-image\" data-id=\"8ffff9c\" data-element_type=\"widget\" data-widget_type=\"image.default\">\n\t\t\t\t<div class=\"elementor-widget-container\">\n\t\t\t\t\t\t\t\t\t\t\t\t\t\t\t\t<a href=\"https:\/\/www.instagram.com\/collectif.louves\/\">\n\t\t\t\t\t\t\t<img width=\"49\" height=\"44\" src=\"http:\/\/collectif-louves.fr\/wp-content\/uploads\/2022\/07\/87390-1.png\" class=\"attachment-full size-full\" alt=\"\" loading=\"lazy\" \/>\t\t\t\t\t\t\t\t<\/a>\n\t\t\t\t\t\t\t\t\t\t\t\t\t\t\t<\/div>\n\t\t\t\t<\/div>\n\t\t\t\t\t<\/div>\n\t\t<\/div>\n\t\t\t\t<div class=\"elementor-column elementor-col-33 elementor-inner-column elementor-element elementor-element-4fc9d32\" data-id=\"4fc9d32\" data-element_type=\"column\">\n\t\t\t<div class=\"elementor-widget-wrap elementor-element-populated\">\n\t\t\t\t\t\t\t\t<div class=\"elementor-element elementor-element-f37b766 elementor-widget elementor-widget-image\" data-id=\"f37b766\" data-element_type=\"widget\" data-widget_type=\"image.default\">\n\t\t\t\t<div class=\"elementor-widget-container\">\n\t\t\t\t\t\t\t\t\t\t\t\t\t\t\t\t<a href=\"https:\/\/twitter.com\/collectiflouves?s=21&#038;t=DJWiUvN_MkA_AItMXfEi6g\">\n\t\t\t\t\t\t\t<img width=\"55\" height=\"48\" src=\"http:\/\/collectif-louves.fr\/wp-content\/uploads\/2022\/07\/Twitter_Bird-1.png\" class=\"attachment-full size-full\" alt=\"\" loading=\"lazy\" \/>\t\t\t\t\t\t\t\t<\/a>\n\t\t\t\t\t\t\t\t\t\t\t\t\t\t\t<\/div>\n\t\t\t\t<\/div>\n\t\t\t\t\t<\/div>\n\t\t<\/div>\n\t\t\t\t\t\t\t<\/div>\n\t\t<\/section>\n\t\t\t\t\t<\/div>\n\t\t<\/div>\n\t\t\t\t\t\t\t<\/div>\n\t\t<\/section>\n\t\t\t\t\t\t\t<\/div>\n\t\t","protected":false},"excerpt":{"rendered":"<p>Cette forme rituelle convoque 14 interpr\u00e8tes dans un dispositif relevant aussi bien du th\u00e9\u00e2tre, de la danse, de la performance et de l\u2019installation plastique. Des femmes \u00e2g\u00e9es de 15 \u00e0 65 ans donnent vie \u00e0 des tableaux c\u00e9r\u00e9moniaux et symboliques, au milieu des spectateurs-officiants qui, debout, partagent le m\u00eame espace que les interpr\u00e8tes. Cette c\u00e9r\u00e9monie [&hellip;]<\/p>\n","protected":false},"author":1,"featured_media":0,"parent":0,"menu_order":0,"comment_status":"closed","ping_status":"closed","template":"","meta":{"_et_pb_use_builder":"on","_et_pb_old_content":"","_et_gb_content_width":"","_monsterinsights_skip_tracking":false,"_monsterinsights_sitenote_active":false,"_monsterinsights_sitenote_note":"","_monsterinsights_sitenote_category":0},"yoast_head":"<!-- This site is optimized with the Yoast SEO plugin v17.1 - https:\/\/yoast.com\/wordpress\/plugins\/seo\/ -->\n<title>Scorpion - Collectif LOUVES\/<\/title>\n<meta name=\"robots\" content=\"index, follow, max-snippet:-1, max-image-preview:large, max-video-preview:-1\" \/>\n<link rel=\"canonical\" href=\"http:\/\/collectif-louves.fr\/?page_id=1932\" \/>\n<meta property=\"og:locale\" content=\"fr_FR\" \/>\n<meta property=\"og:type\" content=\"article\" \/>\n<meta property=\"og:title\" content=\"Scorpion - Collectif LOUVES\/\" \/>\n<meta property=\"og:description\" content=\"Cette forme rituelle convoque 14 interpr\u00e8tes dans un dispositif relevant aussi bien du th\u00e9\u00e2tre, de la danse, de la performance et de l\u2019installation plastique. Des femmes \u00e2g\u00e9es de 15 \u00e0 65 ans donnent vie \u00e0 des tableaux c\u00e9r\u00e9moniaux et symboliques, au milieu des spectateurs-officiants qui, debout, partagent le m\u00eame espace que les interpr\u00e8tes. Cette c\u00e9r\u00e9monie [&hellip;]\" \/>\n<meta property=\"og:url\" content=\"http:\/\/collectif-louves.fr\/?page_id=1932\" \/>\n<meta property=\"og:site_name\" content=\"Collectif LOUVES\/\" \/>\n<meta property=\"article:modified_time\" content=\"2023-07-05T20:56:01+00:00\" \/>\n<meta property=\"og:image\" content=\"http:\/\/collectif-louves.fr\/wp-content\/uploads\/2022\/07\/TITRE-6.png\" \/>\n<meta name=\"twitter:card\" content=\"summary_large_image\" \/>\n<meta name=\"twitter:label1\" content=\"Dur\u00e9e de lecture est.\" \/>\n\t<meta name=\"twitter:data1\" content=\"3 minutes\" \/>\n<script type=\"application\/ld+json\" class=\"yoast-schema-graph\">{\"@context\":\"https:\/\/schema.org\",\"@graph\":[{\"@type\":\"WebSite\",\"@id\":\"http:\/\/collectif-louves.fr\/#website\",\"url\":\"http:\/\/collectif-louves.fr\/\",\"name\":\"Collectif LOUVES\/\",\"description\":\"\",\"potentialAction\":[{\"@type\":\"SearchAction\",\"target\":{\"@type\":\"EntryPoint\",\"urlTemplate\":\"http:\/\/collectif-louves.fr\/?s={search_term_string}\"},\"query-input\":\"required name=search_term_string\"}],\"inLanguage\":\"fr-FR\"},{\"@type\":\"ImageObject\",\"@id\":\"http:\/\/collectif-louves.fr\/?page_id=1932#primaryimage\",\"inLanguage\":\"fr-FR\",\"url\":\"http:\/\/collectif-louves.fr\/wp-content\/uploads\/2022\/07\/TITRE-6.png\",\"contentUrl\":\"http:\/\/collectif-louves.fr\/wp-content\/uploads\/2022\/07\/TITRE-6.png\",\"width\":827,\"height\":168},{\"@type\":\"WebPage\",\"@id\":\"http:\/\/collectif-louves.fr\/?page_id=1932#webpage\",\"url\":\"http:\/\/collectif-louves.fr\/?page_id=1932\",\"name\":\"Scorpion - Collectif LOUVES\/\",\"isPartOf\":{\"@id\":\"http:\/\/collectif-louves.fr\/#website\"},\"primaryImageOfPage\":{\"@id\":\"http:\/\/collectif-louves.fr\/?page_id=1932#primaryimage\"},\"datePublished\":\"2022-07-24T17:36:37+00:00\",\"dateModified\":\"2023-07-05T20:56:01+00:00\",\"breadcrumb\":{\"@id\":\"http:\/\/collectif-louves.fr\/?page_id=1932#breadcrumb\"},\"inLanguage\":\"fr-FR\",\"potentialAction\":[{\"@type\":\"ReadAction\",\"target\":[\"http:\/\/collectif-louves.fr\/?page_id=1932\"]}]},{\"@type\":\"BreadcrumbList\",\"@id\":\"http:\/\/collectif-louves.fr\/?page_id=1932#breadcrumb\",\"itemListElement\":[{\"@type\":\"ListItem\",\"position\":1,\"name\":\"Accueil\",\"item\":\"http:\/\/collectif-louves.fr\/\"},{\"@type\":\"ListItem\",\"position\":2,\"name\":\"Scorpion\"}]}]}<\/script>\n<!-- \/ Yoast SEO plugin. -->","yoast_head_json":{"title":"Scorpion - Collectif LOUVES\/","robots":{"index":"index","follow":"follow","max-snippet":"max-snippet:-1","max-image-preview":"max-image-preview:large","max-video-preview":"max-video-preview:-1"},"canonical":"http:\/\/collectif-louves.fr\/?page_id=1932","og_locale":"fr_FR","og_type":"article","og_title":"Scorpion - Collectif LOUVES\/","og_description":"Cette forme rituelle convoque 14 interpr\u00e8tes dans un dispositif relevant aussi bien du th\u00e9\u00e2tre, de la danse, de la performance et de l\u2019installation plastique. Des femmes \u00e2g\u00e9es de 15 \u00e0 65 ans donnent vie \u00e0 des tableaux c\u00e9r\u00e9moniaux et symboliques, au milieu des spectateurs-officiants qui, debout, partagent le m\u00eame espace que les interpr\u00e8tes. Cette c\u00e9r\u00e9monie [&hellip;]","og_url":"http:\/\/collectif-louves.fr\/?page_id=1932","og_site_name":"Collectif LOUVES\/","article_modified_time":"2023-07-05T20:56:01+00:00","og_image":[{"url":"http:\/\/collectif-louves.fr\/wp-content\/uploads\/2022\/07\/TITRE-6.png"}],"twitter_card":"summary_large_image","twitter_misc":{"Dur\u00e9e de lecture est.":"3 minutes"},"schema":{"@context":"https:\/\/schema.org","@graph":[{"@type":"WebSite","@id":"http:\/\/collectif-louves.fr\/#website","url":"http:\/\/collectif-louves.fr\/","name":"Collectif LOUVES\/","description":"","potentialAction":[{"@type":"SearchAction","target":{"@type":"EntryPoint","urlTemplate":"http:\/\/collectif-louves.fr\/?s={search_term_string}"},"query-input":"required name=search_term_string"}],"inLanguage":"fr-FR"},{"@type":"ImageObject","@id":"http:\/\/collectif-louves.fr\/?page_id=1932#primaryimage","inLanguage":"fr-FR","url":"http:\/\/collectif-louves.fr\/wp-content\/uploads\/2022\/07\/TITRE-6.png","contentUrl":"http:\/\/collectif-louves.fr\/wp-content\/uploads\/2022\/07\/TITRE-6.png","width":827,"height":168},{"@type":"WebPage","@id":"http:\/\/collectif-louves.fr\/?page_id=1932#webpage","url":"http:\/\/collectif-louves.fr\/?page_id=1932","name":"Scorpion - Collectif LOUVES\/","isPartOf":{"@id":"http:\/\/collectif-louves.fr\/#website"},"primaryImageOfPage":{"@id":"http:\/\/collectif-louves.fr\/?page_id=1932#primaryimage"},"datePublished":"2022-07-24T17:36:37+00:00","dateModified":"2023-07-05T20:56:01+00:00","breadcrumb":{"@id":"http:\/\/collectif-louves.fr\/?page_id=1932#breadcrumb"},"inLanguage":"fr-FR","potentialAction":[{"@type":"ReadAction","target":["http:\/\/collectif-louves.fr\/?page_id=1932"]}]},{"@type":"BreadcrumbList","@id":"http:\/\/collectif-louves.fr\/?page_id=1932#breadcrumb","itemListElement":[{"@type":"ListItem","position":1,"name":"Accueil","item":"http:\/\/collectif-louves.fr\/"},{"@type":"ListItem","position":2,"name":"Scorpion"}]}]}},"_links":{"self":[{"href":"http:\/\/collectif-louves.fr\/index.php?rest_route=\/wp\/v2\/pages\/1932"}],"collection":[{"href":"http:\/\/collectif-louves.fr\/index.php?rest_route=\/wp\/v2\/pages"}],"about":[{"href":"http:\/\/collectif-louves.fr\/index.php?rest_route=\/wp\/v2\/types\/page"}],"author":[{"embeddable":true,"href":"http:\/\/collectif-louves.fr\/index.php?rest_route=\/wp\/v2\/users\/1"}],"replies":[{"embeddable":true,"href":"http:\/\/collectif-louves.fr\/index.php?rest_route=%2Fwp%2Fv2%2Fcomments&post=1932"}],"version-history":[{"count":223,"href":"http:\/\/collectif-louves.fr\/index.php?rest_route=\/wp\/v2\/pages\/1932\/revisions"}],"predecessor-version":[{"id":5011,"href":"http:\/\/collectif-louves.fr\/index.php?rest_route=\/wp\/v2\/pages\/1932\/revisions\/5011"}],"wp:attachment":[{"href":"http:\/\/collectif-louves.fr\/index.php?rest_route=%2Fwp%2Fv2%2Fmedia&parent=1932"}],"curies":[{"name":"wp","href":"https:\/\/api.w.org\/{rel}","templated":true}]}}