{"id":1974,"date":"2022-07-24T19:36:24","date_gmt":"2022-07-24T17:36:24","guid":{"rendered":"https:\/\/collectif-louves.fr\/?page_id=1974"},"modified":"2022-12-20T01:36:48","modified_gmt":"2022-12-20T00:36:48","slug":"so3urs","status":"publish","type":"page","link":"http:\/\/collectif-louves.fr\/?page_id=1974","title":{"rendered":"So3urs"},"content":{"rendered":"\t\t<div data-elementor-type=\"wp-page\" data-elementor-id=\"1974\" class=\"elementor elementor-1974\">\n\t\t\t\t\t\t\t\t\t<section class=\"elementor-section elementor-top-section elementor-element elementor-element-722ef93d elementor-section-boxed elementor-section-height-default elementor-section-height-default\" data-id=\"722ef93d\" data-element_type=\"section\">\n\t\t\t\t\t\t<div class=\"elementor-container elementor-column-gap-default\">\n\t\t\t\t\t<div class=\"elementor-column elementor-col-100 elementor-top-column elementor-element elementor-element-bc1b3aa\" data-id=\"bc1b3aa\" data-element_type=\"column\">\n\t\t\t<div class=\"elementor-widget-wrap\">\n\t\t\t\t\t\t\t\t\t<\/div>\n\t\t<\/div>\n\t\t\t\t\t\t\t<\/div>\n\t\t<\/section>\n\t\t\t\t<section class=\"elementor-section elementor-top-section elementor-element elementor-element-c9f64e2 elementor-section-boxed elementor-section-height-default elementor-section-height-default\" data-id=\"c9f64e2\" data-element_type=\"section\" data-settings=\"{&quot;background_background&quot;:&quot;classic&quot;}\">\n\t\t\t\t\t\t<div class=\"elementor-container elementor-column-gap-default\">\n\t\t\t\t\t<div class=\"elementor-column elementor-col-100 elementor-top-column elementor-element elementor-element-0c09882\" data-id=\"0c09882\" data-element_type=\"column\">\n\t\t\t<div class=\"elementor-widget-wrap elementor-element-populated\">\n\t\t\t\t\t\t\t\t<div class=\"elementor-element elementor-element-6095832 elementor-widget elementor-widget-image\" data-id=\"6095832\" data-element_type=\"widget\" data-widget_type=\"image.default\">\n\t\t\t\t<div class=\"elementor-widget-container\">\n\t\t\t<style>\/*! elementor - v3.6.7 - 03-07-2022 *\/\n.elementor-widget-image{text-align:center}.elementor-widget-image a{display:inline-block}.elementor-widget-image a img[src$=\".svg\"]{width:48px}.elementor-widget-image img{vertical-align:middle;display:inline-block}<\/style>\t\t\t\t\t\t\t\t\t\t\t\t<img width=\"606\" height=\"168\" src=\"http:\/\/collectif-louves.fr\/wp-content\/uploads\/2022\/07\/TITRE-4.png\" class=\"attachment-full size-full\" alt=\"\" loading=\"lazy\" srcset=\"http:\/\/collectif-louves.fr\/wp-content\/uploads\/2022\/07\/TITRE-4.png 606w, http:\/\/collectif-louves.fr\/wp-content\/uploads\/2022\/07\/TITRE-4-480x133.png 480w\" sizes=\"(min-width: 0px) and (max-width: 480px) 480px, (min-width: 481px) 606px, 100vw\" \/>\t\t\t\t\t\t\t\t\t\t\t\t\t\t\t<\/div>\n\t\t\t\t<\/div>\n\t\t\t\t<div class=\"elementor-element elementor-element-11db4e3 elementor-widget elementor-widget-image\" data-id=\"11db4e3\" data-element_type=\"widget\" data-widget_type=\"image.default\">\n\t\t\t\t<div class=\"elementor-widget-container\">\n\t\t\t\t\t\t\t\t\t\t\t\t\t\t\t<img width=\"1291\" height=\"861\" src=\"http:\/\/collectif-louves.fr\/wp-content\/uploads\/2022\/11\/Mask-group-4.png\" class=\"attachment-full size-full\" alt=\"\" loading=\"lazy\" srcset=\"http:\/\/collectif-louves.fr\/wp-content\/uploads\/2022\/11\/Mask-group-4.png 1291w, http:\/\/collectif-louves.fr\/wp-content\/uploads\/2022\/11\/Mask-group-4-1280x854.png 1280w, http:\/\/collectif-louves.fr\/wp-content\/uploads\/2022\/11\/Mask-group-4-980x654.png 980w, http:\/\/collectif-louves.fr\/wp-content\/uploads\/2022\/11\/Mask-group-4-480x320.png 480w\" sizes=\"(min-width: 0px) and (max-width: 480px) 480px, (min-width: 481px) and (max-width: 980px) 980px, (min-width: 981px) and (max-width: 1280px) 1280px, (min-width: 1281px) 1291px, 100vw\" \/>\t\t\t\t\t\t\t\t\t\t\t\t\t\t\t<\/div>\n\t\t\t\t<\/div>\n\t\t\t\t<div class=\"elementor-element elementor-element-f403c4c elementor-widget elementor-widget-text-editor\" data-id=\"f403c4c\" data-element_type=\"widget\" data-widget_type=\"text-editor.default\">\n\t\t\t\t<div class=\"elementor-widget-container\">\n\t\t\t<style>\/*! elementor - v3.6.7 - 03-07-2022 *\/\n.elementor-widget-text-editor.elementor-drop-cap-view-stacked .elementor-drop-cap{background-color:#818a91;color:#fff}.elementor-widget-text-editor.elementor-drop-cap-view-framed .elementor-drop-cap{color:#818a91;border:3px solid;background-color:transparent}.elementor-widget-text-editor:not(.elementor-drop-cap-view-default) .elementor-drop-cap{margin-top:8px}.elementor-widget-text-editor:not(.elementor-drop-cap-view-default) .elementor-drop-cap-letter{width:1em;height:1em}.elementor-widget-text-editor .elementor-drop-cap{float:left;text-align:center;line-height:1;font-size:50px}.elementor-widget-text-editor .elementor-drop-cap-letter{display:inline-block}<\/style>\t\t\t\t<p class=\"p1\">Il y a 15 ans, un tragique incendie a laiss\u00e9 trois petites filles orphelines. Elena, Sacha et Nina ont alors \u00e9t\u00e9 recueillies par la production d\u2019une cha\u00eene de t\u00e9l\u00e9vision nationale, qui en a fait les stars d&rsquo;un concept novateur de t\u00e9l\u00e9-r\u00e9alit\u00e9. Elles ont depuis \u00e9t\u00e9 \u00e9lev\u00e9es \u00e0 huis clos dans la Maison, film\u00e9es en continu. Mais la grande sortie aura lieu dans trois jours. Ce sont leurs derni\u00e8res heures avant le saut dans le vide. Quelle est la premi\u00e8re chose qu&rsquo;elles feront dehors ? Que s&rsquo;imaginent-elles de leur future r\u00e9ussite ? <br \/><br \/>Leurs r\u00eaves sont plus exalt\u00e9s que jamais, si proches d&rsquo;une possible r\u00e9alisation, mais leurs angoisses deviennent de plus en plus oppressantes. Car, finalement, qu\u2019est-ce qui les attend dans le monde r\u00e9el, \u00e0 part des d\u00e9ceptions ? La structure narrative est pens\u00e9e en arborescence. Ainsi, la pi\u00e8ce a une quinzaine de parcours possibles et son \u00e9volution d\u00e9pend des votes du public &#8211; via des t\u00e9l\u00e9commandes personnelles qui permettent \u00e0 chaque spectateur.trice d\u2019agir directement sur le cours des \u00e9v\u00e9nements. Ce proc\u00e9d\u00e9 participatif permet d&rsquo;interroger le libre arbitre de chacun.e face \u00e0 la toute-puissance moderne de l&rsquo;Entertainment.<\/p>\t\t\t\t\t\t<\/div>\n\t\t\t\t<\/div>\n\t\t\t\t<div class=\"elementor-element elementor-element-bc74adb elementor-widget elementor-widget-text-editor\" data-id=\"bc74adb\" data-element_type=\"widget\" data-widget_type=\"text-editor.default\">\n\t\t\t\t<div class=\"elementor-widget-container\">\n\t\t\t\t\t\t\t<p class=\"p1\"><strong>Prix d&rsquo;interpr\u00e9tation f\u00e9minine du <br>Festival Les Flor\u00e9ales 2019<\/strong> <br>d\u00e9cern\u00e9 \u00e0 Laure Marion pour le r\u00f4le de Nina<\/p>\t\t\t\t\t\t<\/div>\n\t\t\t\t<\/div>\n\t\t\t\t<div class=\"elementor-element elementor-element-4422371 elementor-aspect-ratio-169 elementor-widget elementor-widget-video\" data-id=\"4422371\" data-element_type=\"widget\" data-settings=\"{&quot;youtube_url&quot;:&quot;https:\\\/\\\/www.youtube.com\\\/watch?v=rDHqpogDLFs&quot;,&quot;video_type&quot;:&quot;youtube&quot;,&quot;controls&quot;:&quot;yes&quot;,&quot;aspect_ratio&quot;:&quot;169&quot;}\" data-widget_type=\"video.default\">\n\t\t\t\t<div class=\"elementor-widget-container\">\n\t\t\t<style>\/*! elementor - v3.6.7 - 03-07-2022 *\/\n.elementor-widget-video .elementor-widget-container{overflow:hidden;-webkit-transform:translateZ(0);transform:translateZ(0)}.elementor-widget-video .elementor-open-inline .elementor-custom-embed-image-overlay{position:absolute;top:0;left:0;width:100%;height:100%;background-size:cover;background-position:50%}.elementor-widget-video .elementor-custom-embed-image-overlay{cursor:pointer;text-align:center}.elementor-widget-video .elementor-custom-embed-image-overlay:hover .elementor-custom-embed-play i{opacity:1}.elementor-widget-video .elementor-custom-embed-image-overlay img{display:block;width:100%}.elementor-widget-video .e-hosted-video .elementor-video{-o-object-fit:cover;object-fit:cover}<\/style>\t\t<div class=\"elementor-wrapper elementor-fit-aspect-ratio elementor-open-inline\">\n\t\t\t<div class=\"elementor-video\"><\/div>\t\t<\/div>\n\t\t\t\t<\/div>\n\t\t\t\t<\/div>\n\t\t\t\t\t<\/div>\n\t\t<\/div>\n\t\t\t\t\t\t\t<\/div>\n\t\t<\/section>\n\t\t\t\t<section class=\"elementor-section elementor-top-section elementor-element elementor-element-d916a12 elementor-section-boxed elementor-section-height-default elementor-section-height-default\" data-id=\"d916a12\" data-element_type=\"section\" data-settings=\"{&quot;background_background&quot;:&quot;classic&quot;}\">\n\t\t\t\t\t\t<div class=\"elementor-container elementor-column-gap-default\">\n\t\t\t\t\t<div class=\"elementor-column elementor-col-100 elementor-top-column elementor-element elementor-element-3ffb161\" data-id=\"3ffb161\" data-element_type=\"column\">\n\t\t\t<div class=\"elementor-widget-wrap elementor-element-populated\">\n\t\t\t\t\t\t\t\t<div class=\"elementor-element elementor-element-8411d55 elementor-widget elementor-widget-heading\" data-id=\"8411d55\" data-element_type=\"widget\" data-widget_type=\"heading.default\">\n\t\t\t\t<div class=\"elementor-widget-container\">\n\t\t\t<style>\/*! elementor - v3.6.7 - 03-07-2022 *\/\n.elementor-heading-title{padding:0;margin:0;line-height:1}.elementor-widget-heading .elementor-heading-title[class*=elementor-size-]>a{color:inherit;font-size:inherit;line-height:inherit}.elementor-widget-heading .elementor-heading-title.elementor-size-small{font-size:15px}.elementor-widget-heading .elementor-heading-title.elementor-size-medium{font-size:19px}.elementor-widget-heading .elementor-heading-title.elementor-size-large{font-size:29px}.elementor-widget-heading .elementor-heading-title.elementor-size-xl{font-size:39px}.elementor-widget-heading .elementor-heading-title.elementor-size-xxl{font-size:59px}<\/style><h2 class=\"elementor-heading-title elementor-size-default\">\u00ab Un beau texte qui interpelle, avec une\nqualit\u00e9 rare \u00bb - <b>jenaiquunevie.com <\/b><\/h2>\t\t<\/div>\n\t\t\t\t<\/div>\n\t\t\t\t\t<\/div>\n\t\t<\/div>\n\t\t\t\t\t\t\t<\/div>\n\t\t<\/section>\n\t\t\t\t<section class=\"elementor-section elementor-top-section elementor-element elementor-element-207a0c8 elementor-section-boxed elementor-section-height-default elementor-section-height-default\" data-id=\"207a0c8\" data-element_type=\"section\" data-settings=\"{&quot;background_background&quot;:&quot;classic&quot;}\">\n\t\t\t\t\t\t<div class=\"elementor-container elementor-column-gap-default\">\n\t\t\t\t\t<div class=\"elementor-column elementor-col-100 elementor-top-column elementor-element elementor-element-a32d7dc\" data-id=\"a32d7dc\" data-element_type=\"column\">\n\t\t\t<div class=\"elementor-widget-wrap elementor-element-populated\">\n\t\t\t\t\t\t\t\t<div class=\"elementor-element elementor-element-abeaa1c elementor-widget elementor-widget-image\" data-id=\"abeaa1c\" data-element_type=\"widget\" data-widget_type=\"image.default\">\n\t\t\t\t<div class=\"elementor-widget-container\">\n\t\t\t\t\t\t\t\t\t\t\t\t\t\t\t<img width=\"1024\" height=\"221\" src=\"http:\/\/collectif-louves.fr\/wp-content\/uploads\/2022\/11\/Mask-group2-1024x221.png\" class=\"attachment-large size-large\" alt=\"\" loading=\"lazy\" srcset=\"http:\/\/collectif-louves.fr\/wp-content\/uploads\/2022\/11\/Mask-group2-980x212.png 980w, http:\/\/collectif-louves.fr\/wp-content\/uploads\/2022\/11\/Mask-group2-480x104.png 480w\" sizes=\"(min-width: 0px) and (max-width: 480px) 480px, (min-width: 481px) and (max-width: 980px) 980px, (min-width: 981px) 1024px, 100vw\" \/>\t\t\t\t\t\t\t\t\t\t\t\t\t\t\t<\/div>\n\t\t\t\t<\/div>\n\t\t\t\t<div class=\"elementor-element elementor-element-83af553 elementor-widget elementor-widget-text-editor\" data-id=\"83af553\" data-element_type=\"widget\" data-widget_type=\"text-editor.default\">\n\t\t\t\t<div class=\"elementor-widget-container\">\n\t\t\t\t\t\t\t<p class=\"p1\">Texte, mise en sc\u00e8ne et interpr\u00e9tation \/ <strong>In\u00e8s Latorre, Laure Marion, <br>Lisa Mondon<\/strong><\/p>\n<p class=\"p1\">Sc\u00e9nographie et cr\u00e9ation lumi\u00e8re \/ <strong>Anne Marchais<\/strong><\/p>\n<p class=\"p1\">Partenaires \/ <strong>CentQuatre Paris, La M\u00e9nagerie de Verre, Landy Sauvage, Collectif 360, Festival Les Flor\u00e9ales, OUF Festival<\/strong><\/p>\n<p class=\"p1\">Repr\u00e9sentations \/ <strong>Th\u00e9\u00e2tre El Duende, Espace Culturel Boris Vian (91), Lavoir Moderne Parisien, <br>Casino de Fouras (17)<\/strong><\/p>\t\t\t\t\t\t<\/div>\n\t\t\t\t<\/div>\n\t\t\t\t\t<\/div>\n\t\t<\/div>\n\t\t\t\t\t\t\t<\/div>\n\t\t<\/section>\n\t\t\t\t<section class=\"elementor-section elementor-top-section elementor-element elementor-element-96f53f7 elementor-section-boxed elementor-section-height-default elementor-section-height-default\" data-id=\"96f53f7\" data-element_type=\"section\" data-settings=\"{&quot;background_background&quot;:&quot;classic&quot;}\">\n\t\t\t\t\t\t<div class=\"elementor-container elementor-column-gap-extended\">\n\t\t\t\t\t<div class=\"elementor-column elementor-col-100 elementor-top-column elementor-element elementor-element-8553645\" data-id=\"8553645\" data-element_type=\"column\">\n\t\t\t<div class=\"elementor-widget-wrap elementor-element-populated\">\n\t\t\t\t\t\t\t\t<div class=\"elementor-element elementor-element-189412a elementor-widget elementor-widget-image\" data-id=\"189412a\" data-element_type=\"widget\" data-widget_type=\"image.default\">\n\t\t\t\t<div class=\"elementor-widget-container\">\n\t\t\t\t\t\t\t\t\t\t\t\t\t\t\t<img width=\"1024\" height=\"685\" src=\"http:\/\/collectif-louves.fr\/wp-content\/uploads\/2022\/11\/rectangle-bas-de-page-1024x685.jpg\" class=\"attachment-large size-large\" alt=\"\" loading=\"lazy\" srcset=\"http:\/\/collectif-louves.fr\/wp-content\/uploads\/2022\/11\/rectangle-bas-de-page-980x655.jpg 980w, http:\/\/collectif-louves.fr\/wp-content\/uploads\/2022\/11\/rectangle-bas-de-page-480x321.jpg 480w\" sizes=\"(min-width: 0px) and (max-width: 480px) 480px, (min-width: 481px) and (max-width: 980px) 980px, (min-width: 981px) 1024px, 100vw\" \/>\t\t\t\t\t\t\t\t\t\t\t\t\t\t\t<\/div>\n\t\t\t\t<\/div>\n\t\t\t\t\t<\/div>\n\t\t<\/div>\n\t\t\t\t\t\t\t<\/div>\n\t\t<\/section>\n\t\t\t\t<section class=\"elementor-section elementor-top-section elementor-element elementor-element-6373ad3 elementor-section-boxed elementor-section-height-default elementor-section-height-default\" data-id=\"6373ad3\" data-element_type=\"section\">\n\t\t\t\t\t\t<div class=\"elementor-container elementor-column-gap-default\">\n\t\t\t\t\t<div class=\"elementor-column elementor-col-100 elementor-top-column elementor-element elementor-element-848d2bd\" data-id=\"848d2bd\" data-element_type=\"column\">\n\t\t\t<div class=\"elementor-widget-wrap elementor-element-populated\">\n\t\t\t\t\t\t\t\t<div class=\"elementor-element elementor-element-411b2d5 elementor-widget elementor-widget-text-editor\" data-id=\"411b2d5\" data-element_type=\"widget\" data-widget_type=\"text-editor.default\">\n\t\t\t\t<div class=\"elementor-widget-container\">\n\t\t\t\t\t\t\t<p>Cr\u00e9dit photos\/ Gwena\u00ebl Geneau, Annabel Poly<\/p>\t\t\t\t\t\t<\/div>\n\t\t\t\t<\/div>\n\t\t\t\t\t<\/div>\n\t\t<\/div>\n\t\t\t\t\t\t\t<\/div>\n\t\t<\/section>\n\t\t\t\t<section class=\"elementor-section elementor-top-section elementor-element elementor-element-d6a6866 elementor-section-boxed elementor-section-height-default elementor-section-height-default\" data-id=\"d6a6866\" data-element_type=\"section\">\n\t\t\t\t\t\t<div class=\"elementor-container elementor-column-gap-default\">\n\t\t\t\t\t<div class=\"elementor-column elementor-col-100 elementor-top-column elementor-element elementor-element-f1c3696\" data-id=\"f1c3696\" data-element_type=\"column\">\n\t\t\t<div class=\"elementor-widget-wrap elementor-element-populated\">\n\t\t\t\t\t\t\t\t<section class=\"elementor-section elementor-inner-section elementor-element elementor-element-f9c8a5b elementor-section-full_width elementor-section-height-default elementor-section-height-default\" data-id=\"f9c8a5b\" data-element_type=\"section\">\n\t\t\t\t\t\t\t<div class=\"elementor-background-overlay\"><\/div>\n\t\t\t\t\t\t\t<div class=\"elementor-container elementor-column-gap-default\">\n\t\t\t\t\t<div class=\"elementor-column elementor-col-33 elementor-inner-column elementor-element elementor-element-d4942bb\" data-id=\"d4942bb\" data-element_type=\"column\">\n\t\t\t<div class=\"elementor-widget-wrap elementor-element-populated\">\n\t\t\t\t\t\t\t\t<div class=\"elementor-element elementor-element-0b3cc04 elementor-widget elementor-widget-image\" data-id=\"0b3cc04\" data-element_type=\"widget\" data-widget_type=\"image.default\">\n\t\t\t\t<div class=\"elementor-widget-container\">\n\t\t\t\t\t\t\t\t\t\t\t\t\t\t\t\t<a href=\"https:\/\/www.facebook.com\/collectif.louves\">\n\t\t\t\t\t\t\t<img width=\"49\" height=\"45\" src=\"http:\/\/collectif-louves.fr\/wp-content\/uploads\/2022\/07\/124010-1.png\" class=\"attachment-full size-full\" alt=\"\" loading=\"lazy\" \/>\t\t\t\t\t\t\t\t<\/a>\n\t\t\t\t\t\t\t\t\t\t\t\t\t\t\t<\/div>\n\t\t\t\t<\/div>\n\t\t\t\t\t<\/div>\n\t\t<\/div>\n\t\t\t\t<div class=\"elementor-column elementor-col-33 elementor-inner-column elementor-element elementor-element-6359af7\" data-id=\"6359af7\" data-element_type=\"column\">\n\t\t\t<div class=\"elementor-widget-wrap elementor-element-populated\">\n\t\t\t\t\t\t\t\t<div class=\"elementor-element elementor-element-3fd9daa elementor-widget elementor-widget-image\" data-id=\"3fd9daa\" data-element_type=\"widget\" data-widget_type=\"image.default\">\n\t\t\t\t<div class=\"elementor-widget-container\">\n\t\t\t\t\t\t\t\t\t\t\t\t\t\t\t\t<a href=\"https:\/\/www.instagram.com\/collectif.louves\/\">\n\t\t\t\t\t\t\t<img width=\"49\" height=\"44\" src=\"http:\/\/collectif-louves.fr\/wp-content\/uploads\/2022\/07\/87390-1.png\" class=\"attachment-full size-full\" alt=\"\" loading=\"lazy\" \/>\t\t\t\t\t\t\t\t<\/a>\n\t\t\t\t\t\t\t\t\t\t\t\t\t\t\t<\/div>\n\t\t\t\t<\/div>\n\t\t\t\t\t<\/div>\n\t\t<\/div>\n\t\t\t\t<div class=\"elementor-column elementor-col-33 elementor-inner-column elementor-element elementor-element-67926c7\" data-id=\"67926c7\" data-element_type=\"column\">\n\t\t\t<div class=\"elementor-widget-wrap elementor-element-populated\">\n\t\t\t\t\t\t\t\t<div class=\"elementor-element elementor-element-6ca1586 elementor-widget elementor-widget-image\" data-id=\"6ca1586\" data-element_type=\"widget\" data-widget_type=\"image.default\">\n\t\t\t\t<div class=\"elementor-widget-container\">\n\t\t\t\t\t\t\t\t\t\t\t\t\t\t\t\t<a href=\"https:\/\/twitter.com\/collectiflouves?s=21&#038;t=DJWiUvN_MkA_AItMXfEi6g\">\n\t\t\t\t\t\t\t<img width=\"55\" height=\"48\" src=\"http:\/\/collectif-louves.fr\/wp-content\/uploads\/2022\/07\/Twitter_Bird-1.png\" class=\"attachment-full size-full\" alt=\"\" loading=\"lazy\" \/>\t\t\t\t\t\t\t\t<\/a>\n\t\t\t\t\t\t\t\t\t\t\t\t\t\t\t<\/div>\n\t\t\t\t<\/div>\n\t\t\t\t\t<\/div>\n\t\t<\/div>\n\t\t\t\t\t\t\t<\/div>\n\t\t<\/section>\n\t\t\t\t\t<\/div>\n\t\t<\/div>\n\t\t\t\t\t\t\t<\/div>\n\t\t<\/section>\n\t\t\t\t\t\t\t<\/div>\n\t\t","protected":false},"excerpt":{"rendered":"<p>Il y a 15 ans, un tragique incendie a laiss\u00e9 trois petites filles orphelines. Elena, Sacha et Nina ont alors \u00e9t\u00e9 recueillies par la production d\u2019une cha\u00eene de t\u00e9l\u00e9vision nationale, qui en a fait les stars d&rsquo;un concept novateur de t\u00e9l\u00e9-r\u00e9alit\u00e9. Elles ont depuis \u00e9t\u00e9 \u00e9lev\u00e9es \u00e0 huis clos dans la Maison, film\u00e9es en continu. [&hellip;]<\/p>\n","protected":false},"author":1,"featured_media":0,"parent":0,"menu_order":0,"comment_status":"closed","ping_status":"closed","template":"","meta":{"_et_pb_use_builder":"on","_et_pb_old_content":"","_et_gb_content_width":"","_monsterinsights_skip_tracking":false,"_monsterinsights_sitenote_active":false,"_monsterinsights_sitenote_note":"","_monsterinsights_sitenote_category":0},"yoast_head":"<!-- This site is optimized with the Yoast SEO plugin v17.1 - https:\/\/yoast.com\/wordpress\/plugins\/seo\/ -->\n<title>So3urs - Collectif LOUVES\/<\/title>\n<meta name=\"robots\" content=\"index, follow, max-snippet:-1, max-image-preview:large, max-video-preview:-1\" \/>\n<link rel=\"canonical\" href=\"http:\/\/collectif-louves.fr\/?page_id=1974\" \/>\n<meta property=\"og:locale\" content=\"fr_FR\" \/>\n<meta property=\"og:type\" content=\"article\" \/>\n<meta property=\"og:title\" content=\"So3urs - Collectif LOUVES\/\" \/>\n<meta property=\"og:description\" content=\"Il y a 15 ans, un tragique incendie a laiss\u00e9 trois petites filles orphelines. Elena, Sacha et Nina ont alors \u00e9t\u00e9 recueillies par la production d\u2019une cha\u00eene de t\u00e9l\u00e9vision nationale, qui en a fait les stars d&rsquo;un concept novateur de t\u00e9l\u00e9-r\u00e9alit\u00e9. Elles ont depuis \u00e9t\u00e9 \u00e9lev\u00e9es \u00e0 huis clos dans la Maison, film\u00e9es en continu. [&hellip;]\" \/>\n<meta property=\"og:url\" content=\"http:\/\/collectif-louves.fr\/?page_id=1974\" \/>\n<meta property=\"og:site_name\" content=\"Collectif LOUVES\/\" \/>\n<meta property=\"article:modified_time\" content=\"2022-12-20T00:36:48+00:00\" \/>\n<meta property=\"og:image\" content=\"http:\/\/collectif-louves.fr\/wp-content\/uploads\/2022\/07\/TITRE-4.png\" \/>\n<meta name=\"twitter:card\" content=\"summary_large_image\" \/>\n<meta name=\"twitter:label1\" content=\"Dur\u00e9e de lecture est.\" \/>\n\t<meta name=\"twitter:data1\" content=\"3 minutes\" \/>\n<script type=\"application\/ld+json\" class=\"yoast-schema-graph\">{\"@context\":\"https:\/\/schema.org\",\"@graph\":[{\"@type\":\"WebSite\",\"@id\":\"http:\/\/collectif-louves.fr\/#website\",\"url\":\"http:\/\/collectif-louves.fr\/\",\"name\":\"Collectif LOUVES\/\",\"description\":\"\",\"potentialAction\":[{\"@type\":\"SearchAction\",\"target\":{\"@type\":\"EntryPoint\",\"urlTemplate\":\"http:\/\/collectif-louves.fr\/?s={search_term_string}\"},\"query-input\":\"required name=search_term_string\"}],\"inLanguage\":\"fr-FR\"},{\"@type\":\"ImageObject\",\"@id\":\"http:\/\/collectif-louves.fr\/?page_id=1974#primaryimage\",\"inLanguage\":\"fr-FR\",\"url\":\"http:\/\/collectif-louves.fr\/wp-content\/uploads\/2022\/07\/TITRE-4.png\",\"contentUrl\":\"http:\/\/collectif-louves.fr\/wp-content\/uploads\/2022\/07\/TITRE-4.png\",\"width\":606,\"height\":168},{\"@type\":\"WebPage\",\"@id\":\"http:\/\/collectif-louves.fr\/?page_id=1974#webpage\",\"url\":\"http:\/\/collectif-louves.fr\/?page_id=1974\",\"name\":\"So3urs - Collectif LOUVES\/\",\"isPartOf\":{\"@id\":\"http:\/\/collectif-louves.fr\/#website\"},\"primaryImageOfPage\":{\"@id\":\"http:\/\/collectif-louves.fr\/?page_id=1974#primaryimage\"},\"datePublished\":\"2022-07-24T17:36:24+00:00\",\"dateModified\":\"2022-12-20T00:36:48+00:00\",\"breadcrumb\":{\"@id\":\"http:\/\/collectif-louves.fr\/?page_id=1974#breadcrumb\"},\"inLanguage\":\"fr-FR\",\"potentialAction\":[{\"@type\":\"ReadAction\",\"target\":[\"http:\/\/collectif-louves.fr\/?page_id=1974\"]}]},{\"@type\":\"BreadcrumbList\",\"@id\":\"http:\/\/collectif-louves.fr\/?page_id=1974#breadcrumb\",\"itemListElement\":[{\"@type\":\"ListItem\",\"position\":1,\"name\":\"Accueil\",\"item\":\"http:\/\/collectif-louves.fr\/\"},{\"@type\":\"ListItem\",\"position\":2,\"name\":\"So3urs\"}]}]}<\/script>\n<!-- \/ Yoast SEO plugin. -->","yoast_head_json":{"title":"So3urs - Collectif LOUVES\/","robots":{"index":"index","follow":"follow","max-snippet":"max-snippet:-1","max-image-preview":"max-image-preview:large","max-video-preview":"max-video-preview:-1"},"canonical":"http:\/\/collectif-louves.fr\/?page_id=1974","og_locale":"fr_FR","og_type":"article","og_title":"So3urs - Collectif LOUVES\/","og_description":"Il y a 15 ans, un tragique incendie a laiss\u00e9 trois petites filles orphelines. Elena, Sacha et Nina ont alors \u00e9t\u00e9 recueillies par la production d\u2019une cha\u00eene de t\u00e9l\u00e9vision nationale, qui en a fait les stars d&rsquo;un concept novateur de t\u00e9l\u00e9-r\u00e9alit\u00e9. Elles ont depuis \u00e9t\u00e9 \u00e9lev\u00e9es \u00e0 huis clos dans la Maison, film\u00e9es en continu. [&hellip;]","og_url":"http:\/\/collectif-louves.fr\/?page_id=1974","og_site_name":"Collectif LOUVES\/","article_modified_time":"2022-12-20T00:36:48+00:00","og_image":[{"url":"http:\/\/collectif-louves.fr\/wp-content\/uploads\/2022\/07\/TITRE-4.png"}],"twitter_card":"summary_large_image","twitter_misc":{"Dur\u00e9e de lecture est.":"3 minutes"},"schema":{"@context":"https:\/\/schema.org","@graph":[{"@type":"WebSite","@id":"http:\/\/collectif-louves.fr\/#website","url":"http:\/\/collectif-louves.fr\/","name":"Collectif LOUVES\/","description":"","potentialAction":[{"@type":"SearchAction","target":{"@type":"EntryPoint","urlTemplate":"http:\/\/collectif-louves.fr\/?s={search_term_string}"},"query-input":"required name=search_term_string"}],"inLanguage":"fr-FR"},{"@type":"ImageObject","@id":"http:\/\/collectif-louves.fr\/?page_id=1974#primaryimage","inLanguage":"fr-FR","url":"http:\/\/collectif-louves.fr\/wp-content\/uploads\/2022\/07\/TITRE-4.png","contentUrl":"http:\/\/collectif-louves.fr\/wp-content\/uploads\/2022\/07\/TITRE-4.png","width":606,"height":168},{"@type":"WebPage","@id":"http:\/\/collectif-louves.fr\/?page_id=1974#webpage","url":"http:\/\/collectif-louves.fr\/?page_id=1974","name":"So3urs - Collectif LOUVES\/","isPartOf":{"@id":"http:\/\/collectif-louves.fr\/#website"},"primaryImageOfPage":{"@id":"http:\/\/collectif-louves.fr\/?page_id=1974#primaryimage"},"datePublished":"2022-07-24T17:36:24+00:00","dateModified":"2022-12-20T00:36:48+00:00","breadcrumb":{"@id":"http:\/\/collectif-louves.fr\/?page_id=1974#breadcrumb"},"inLanguage":"fr-FR","potentialAction":[{"@type":"ReadAction","target":["http:\/\/collectif-louves.fr\/?page_id=1974"]}]},{"@type":"BreadcrumbList","@id":"http:\/\/collectif-louves.fr\/?page_id=1974#breadcrumb","itemListElement":[{"@type":"ListItem","position":1,"name":"Accueil","item":"http:\/\/collectif-louves.fr\/"},{"@type":"ListItem","position":2,"name":"So3urs"}]}]}},"_links":{"self":[{"href":"http:\/\/collectif-louves.fr\/index.php?rest_route=\/wp\/v2\/pages\/1974"}],"collection":[{"href":"http:\/\/collectif-louves.fr\/index.php?rest_route=\/wp\/v2\/pages"}],"about":[{"href":"http:\/\/collectif-louves.fr\/index.php?rest_route=\/wp\/v2\/types\/page"}],"author":[{"embeddable":true,"href":"http:\/\/collectif-louves.fr\/index.php?rest_route=\/wp\/v2\/users\/1"}],"replies":[{"embeddable":true,"href":"http:\/\/collectif-louves.fr\/index.php?rest_route=%2Fwp%2Fv2%2Fcomments&post=1974"}],"version-history":[{"count":163,"href":"http:\/\/collectif-louves.fr\/index.php?rest_route=\/wp\/v2\/pages\/1974\/revisions"}],"predecessor-version":[{"id":4976,"href":"http:\/\/collectif-louves.fr\/index.php?rest_route=\/wp\/v2\/pages\/1974\/revisions\/4976"}],"wp:attachment":[{"href":"http:\/\/collectif-louves.fr\/index.php?rest_route=%2Fwp%2Fv2%2Fmedia&parent=1974"}],"curies":[{"name":"wp","href":"https:\/\/api.w.org\/{rel}","templated":true}]}}