{"id":2784,"date":"2022-10-10T15:10:05","date_gmt":"2022-10-10T13:10:05","guid":{"rendered":"https:\/\/collectif-louves.fr\/?page_id=2784"},"modified":"2022-12-20T01:25:23","modified_gmt":"2022-12-20T00:25:23","slug":"contact","status":"publish","type":"page","link":"http:\/\/collectif-louves.fr\/?page_id=2784","title":{"rendered":"Contact"},"content":{"rendered":"\t\t<div data-elementor-type=\"wp-page\" data-elementor-id=\"2784\" class=\"elementor elementor-2784\">\n\t\t\t\t\t\t\t\t\t<section class=\"elementor-section elementor-top-section elementor-element elementor-element-722ef93d elementor-section-boxed elementor-section-height-default elementor-section-height-default\" data-id=\"722ef93d\" data-element_type=\"section\">\n\t\t\t\t\t\t<div class=\"elementor-container elementor-column-gap-default\">\n\t\t\t\t\t<div class=\"elementor-column elementor-col-100 elementor-top-column elementor-element elementor-element-bc1b3aa\" data-id=\"bc1b3aa\" data-element_type=\"column\">\n\t\t\t<div class=\"elementor-widget-wrap\">\n\t\t\t\t\t\t\t\t\t<\/div>\n\t\t<\/div>\n\t\t\t\t\t\t\t<\/div>\n\t\t<\/section>\n\t\t\t\t<section class=\"elementor-section elementor-top-section elementor-element elementor-element-c9f64e2 elementor-section-boxed elementor-section-height-default elementor-section-height-default\" data-id=\"c9f64e2\" data-element_type=\"section\" data-settings=\"{&quot;background_background&quot;:&quot;classic&quot;}\">\n\t\t\t\t\t\t<div class=\"elementor-container elementor-column-gap-default\">\n\t\t\t\t\t<div class=\"elementor-column elementor-col-100 elementor-top-column elementor-element elementor-element-0c09882\" data-id=\"0c09882\" data-element_type=\"column\">\n\t\t\t<div class=\"elementor-widget-wrap elementor-element-populated\">\n\t\t\t\t\t\t\t\t<div class=\"elementor-element elementor-element-6095832 elementor-widget elementor-widget-image\" data-id=\"6095832\" data-element_type=\"widget\" data-widget_type=\"image.default\">\n\t\t\t\t<div class=\"elementor-widget-container\">\n\t\t\t<style>\/*! elementor - v3.6.7 - 03-07-2022 *\/\n.elementor-widget-image{text-align:center}.elementor-widget-image a{display:inline-block}.elementor-widget-image a img[src$=\".svg\"]{width:48px}.elementor-widget-image img{vertical-align:middle;display:inline-block}<\/style>\t\t\t\t\t\t\t\t\t\t\t\t<img width=\"759\" height=\"118\" src=\"http:\/\/collectif-louves.fr\/wp-content\/uploads\/2022\/10\/TITRE-CONTACT.png\" class=\"attachment-full size-full\" alt=\"\" loading=\"lazy\" srcset=\"http:\/\/collectif-louves.fr\/wp-content\/uploads\/2022\/10\/TITRE-CONTACT.png 759w, http:\/\/collectif-louves.fr\/wp-content\/uploads\/2022\/10\/TITRE-CONTACT-480x75.png 480w\" sizes=\"(min-width: 0px) and (max-width: 480px) 480px, (min-width: 481px) 759px, 100vw\" \/>\t\t\t\t\t\t\t\t\t\t\t\t\t\t\t<\/div>\n\t\t\t\t<\/div>\n\t\t\t\t\t<\/div>\n\t\t<\/div>\n\t\t\t\t\t\t\t<\/div>\n\t\t<\/section>\n\t\t\t\t<section class=\"elementor-section elementor-top-section elementor-element elementor-element-9c46196 elementor-section-boxed elementor-section-height-default elementor-section-height-default\" data-id=\"9c46196\" data-element_type=\"section\" data-settings=\"{&quot;background_background&quot;:&quot;classic&quot;}\">\n\t\t\t\t\t\t<div class=\"elementor-container elementor-column-gap-default\">\n\t\t\t\t\t<div class=\"elementor-column elementor-col-100 elementor-top-column elementor-element elementor-element-bbf9d86\" data-id=\"bbf9d86\" data-element_type=\"column\">\n\t\t\t<div class=\"elementor-widget-wrap elementor-element-populated\">\n\t\t\t\t\t\t\t\t<section class=\"elementor-section elementor-inner-section elementor-element elementor-element-261258f elementor-section-full_width elementor-section-height-default elementor-section-height-default\" data-id=\"261258f\" data-element_type=\"section\">\n\t\t\t\t\t\t\t<div class=\"elementor-background-overlay\"><\/div>\n\t\t\t\t\t\t\t<div class=\"elementor-container elementor-column-gap-default\">\n\t\t\t\t\t<div class=\"elementor-column elementor-col-33 elementor-inner-column elementor-element elementor-element-b5f792e\" data-id=\"b5f792e\" data-element_type=\"column\">\n\t\t\t<div class=\"elementor-widget-wrap elementor-element-populated\">\n\t\t\t\t\t\t\t\t<div class=\"elementor-element elementor-element-0a4b853 elementor-widget elementor-widget-image\" data-id=\"0a4b853\" data-element_type=\"widget\" data-widget_type=\"image.default\">\n\t\t\t\t<div class=\"elementor-widget-container\">\n\t\t\t\t\t\t\t\t\t\t\t\t\t\t\t\t<a href=\"https:\/\/www.facebook.com\/collectif.louves\">\n\t\t\t\t\t\t\t<img width=\"49\" height=\"45\" src=\"http:\/\/collectif-louves.fr\/wp-content\/uploads\/2022\/07\/124010-1.png\" class=\"attachment-full size-full\" alt=\"\" loading=\"lazy\" \/>\t\t\t\t\t\t\t\t<\/a>\n\t\t\t\t\t\t\t\t\t\t\t\t\t\t\t<\/div>\n\t\t\t\t<\/div>\n\t\t\t\t\t<\/div>\n\t\t<\/div>\n\t\t\t\t<div class=\"elementor-column elementor-col-33 elementor-inner-column elementor-element elementor-element-dd2d2cc\" data-id=\"dd2d2cc\" data-element_type=\"column\">\n\t\t\t<div class=\"elementor-widget-wrap elementor-element-populated\">\n\t\t\t\t\t\t\t\t<div class=\"elementor-element elementor-element-75bed94 elementor-widget elementor-widget-image\" data-id=\"75bed94\" data-element_type=\"widget\" data-widget_type=\"image.default\">\n\t\t\t\t<div class=\"elementor-widget-container\">\n\t\t\t\t\t\t\t\t\t\t\t\t\t\t\t\t<a href=\"https:\/\/www.instagram.com\/collectif.louves\/\">\n\t\t\t\t\t\t\t<img width=\"49\" height=\"44\" src=\"http:\/\/collectif-louves.fr\/wp-content\/uploads\/2022\/07\/87390-1.png\" class=\"attachment-full size-full\" alt=\"\" loading=\"lazy\" \/>\t\t\t\t\t\t\t\t<\/a>\n\t\t\t\t\t\t\t\t\t\t\t\t\t\t\t<\/div>\n\t\t\t\t<\/div>\n\t\t\t\t\t<\/div>\n\t\t<\/div>\n\t\t\t\t<div class=\"elementor-column elementor-col-33 elementor-inner-column elementor-element elementor-element-add0f00\" data-id=\"add0f00\" data-element_type=\"column\">\n\t\t\t<div class=\"elementor-widget-wrap elementor-element-populated\">\n\t\t\t\t\t\t\t\t<div class=\"elementor-element elementor-element-69d1c56 elementor-widget elementor-widget-image\" data-id=\"69d1c56\" data-element_type=\"widget\" data-widget_type=\"image.default\">\n\t\t\t\t<div class=\"elementor-widget-container\">\n\t\t\t\t\t\t\t\t\t\t\t\t\t\t\t\t<a href=\"https:\/\/twitter.com\/collectiflouves?s=21&#038;t=DJWiUvN_MkA_AItMXfEi6g\">\n\t\t\t\t\t\t\t<img width=\"55\" height=\"48\" src=\"http:\/\/collectif-louves.fr\/wp-content\/uploads\/2022\/07\/Twitter_Bird-1.png\" class=\"attachment-full size-full\" alt=\"\" loading=\"lazy\" \/>\t\t\t\t\t\t\t\t<\/a>\n\t\t\t\t\t\t\t\t\t\t\t\t\t\t\t<\/div>\n\t\t\t\t<\/div>\n\t\t\t\t\t<\/div>\n\t\t<\/div>\n\t\t\t\t\t\t\t<\/div>\n\t\t<\/section>\n\t\t\t\t\t<\/div>\n\t\t<\/div>\n\t\t\t\t\t\t\t<\/div>\n\t\t<\/section>\n\t\t\t\t<section class=\"elementor-section elementor-top-section elementor-element elementor-element-d916a12 elementor-section-boxed elementor-section-height-default elementor-section-height-default\" data-id=\"d916a12\" data-element_type=\"section\" data-settings=\"{&quot;background_background&quot;:&quot;classic&quot;}\">\n\t\t\t\t\t\t<div class=\"elementor-container elementor-column-gap-default\">\n\t\t\t\t\t<div class=\"elementor-column elementor-col-100 elementor-top-column elementor-element elementor-element-3ffb161\" data-id=\"3ffb161\" data-element_type=\"column\">\n\t\t\t<div class=\"elementor-widget-wrap elementor-element-populated\">\n\t\t\t\t\t\t\t\t<div class=\"elementor-element elementor-element-4f4743e elementor-widget elementor-widget-text-editor\" data-id=\"4f4743e\" data-element_type=\"widget\" data-widget_type=\"text-editor.default\">\n\t\t\t\t<div class=\"elementor-widget-container\">\n\t\t\t<style>\/*! elementor - v3.6.7 - 03-07-2022 *\/\n.elementor-widget-text-editor.elementor-drop-cap-view-stacked .elementor-drop-cap{background-color:#818a91;color:#fff}.elementor-widget-text-editor.elementor-drop-cap-view-framed .elementor-drop-cap{color:#818a91;border:3px solid;background-color:transparent}.elementor-widget-text-editor:not(.elementor-drop-cap-view-default) .elementor-drop-cap{margin-top:8px}.elementor-widget-text-editor:not(.elementor-drop-cap-view-default) .elementor-drop-cap-letter{width:1em;height:1em}.elementor-widget-text-editor .elementor-drop-cap{float:left;text-align:center;line-height:1;font-size:50px}.elementor-widget-text-editor .elementor-drop-cap-letter{display:inline-block}<\/style>\t\t\t\t<div dir=\"ltr\" data-setdir=\"false\"><strong>Artistique, administratif \/<\/strong> collectif.louves@gmail.com<br \/><br \/><strong>Technique \/<\/strong> louves.scenographie@gmail.com<\/div>\t\t\t\t\t\t<\/div>\n\t\t\t\t<\/div>\n\t\t\t\t<div class=\"elementor-element elementor-element-989132f elementor-widget elementor-widget-text-editor\" data-id=\"989132f\" data-element_type=\"widget\" data-widget_type=\"text-editor.default\">\n\t\t\t\t<div class=\"elementor-widget-container\">\n\t\t\t\t\t\t\t<div dir=\"ltr\" data-setdir=\"false\"><strong>Mentions l\u00e9gales \/ <br \/><br \/><\/strong>Association loi 1901 &#8211; Collectif LOUVES\/<\/div><div dir=\"ltr\" data-setdir=\"false\">Repr\u00e9sent\u00e9e par Mich\u00e8le Morot-Sir en sa qualit\u00e9 de pr\u00e9sidente et par Christiane Bir\u00e9 en sa qualit\u00e9 de tr\u00e9sori\u00e8re<\/div><div dir=\"ltr\" data-setdir=\"false\"><br \/>Si\u00e8ge social : 2 rue Max Ignazi 95230 Soisy-sous-Montmorency<\/div><div dir=\"ltr\" data-setdir=\"false\">Siret : 82972233900019<\/div><div dir=\"ltr\" data-setdir=\"false\">Licence 2 : L-R-22-8504<\/div>\t\t\t\t\t\t<\/div>\n\t\t\t\t<\/div>\n\t\t\t\t\t<\/div>\n\t\t<\/div>\n\t\t\t\t\t\t\t<\/div>\n\t\t<\/section>\n\t\t\t\t\t\t\t<\/div>\n\t\t","protected":false},"excerpt":{"rendered":"<p>Artistique, administratif \/ collectif.louves@gmail.com Technique \/ louves.scenographie@gmail.comMentions l\u00e9gales \/ Association loi 1901 &#8211; Collectif LOUVES\/Repr\u00e9sent\u00e9e par Mich\u00e8le Morot-Sir en sa qualit\u00e9 de pr\u00e9sidente et par Christiane Bir\u00e9 en sa qualit\u00e9 de tr\u00e9sori\u00e8reSi\u00e8ge social : 2 rue Max Ignazi 95230 Soisy-sous-MontmorencySiret : 82972233900019Licence 2 : L-R-22-8504<\/p>\n","protected":false},"author":1,"featured_media":0,"parent":0,"menu_order":0,"comment_status":"closed","ping_status":"closed","template":"","meta":{"_et_pb_use_builder":"on","_et_pb_old_content":"","_et_gb_content_width":"","_monsterinsights_skip_tracking":false,"_monsterinsights_sitenote_active":false,"_monsterinsights_sitenote_note":"","_monsterinsights_sitenote_category":0},"yoast_head":"<!-- This site is optimized with the Yoast SEO plugin v17.1 - https:\/\/yoast.com\/wordpress\/plugins\/seo\/ -->\n<title>Contact - Collectif LOUVES\/<\/title>\n<meta name=\"robots\" content=\"index, follow, max-snippet:-1, max-image-preview:large, max-video-preview:-1\" \/>\n<link rel=\"canonical\" href=\"https:\/\/collectif-louves.fr\/?page_id=2784\" \/>\n<meta property=\"og:locale\" content=\"fr_FR\" \/>\n<meta property=\"og:type\" content=\"article\" \/>\n<meta property=\"og:title\" content=\"Contact - Collectif LOUVES\/\" \/>\n<meta property=\"og:description\" content=\"Artistique, administratif \/ collectif.louves@gmail.com Technique \/ louves.scenographie@gmail.comMentions l\u00e9gales \/ Association loi 1901 &#8211; Collectif LOUVES\/Repr\u00e9sent\u00e9e par Mich\u00e8le Morot-Sir en sa qualit\u00e9 de pr\u00e9sidente et par Christiane Bir\u00e9 en sa qualit\u00e9 de tr\u00e9sori\u00e8reSi\u00e8ge social : 2 rue Max Ignazi 95230 Soisy-sous-MontmorencySiret : 82972233900019Licence 2 : L-R-22-8504\" \/>\n<meta property=\"og:url\" content=\"https:\/\/collectif-louves.fr\/?page_id=2784\" \/>\n<meta property=\"og:site_name\" content=\"Collectif LOUVES\/\" \/>\n<meta property=\"article:modified_time\" content=\"2022-12-20T00:25:23+00:00\" \/>\n<meta property=\"og:image\" content=\"http:\/\/collectif-louves.fr\/wp-content\/uploads\/2022\/10\/TITRE-CONTACT.png\" \/>\n<meta name=\"twitter:card\" content=\"summary_large_image\" \/>\n<meta name=\"twitter:label1\" content=\"Dur\u00e9e de lecture est.\" \/>\n\t<meta name=\"twitter:data1\" content=\"2 minutes\" \/>\n<script type=\"application\/ld+json\" class=\"yoast-schema-graph\">{\"@context\":\"https:\/\/schema.org\",\"@graph\":[{\"@type\":\"WebSite\",\"@id\":\"http:\/\/collectif-louves.fr\/#website\",\"url\":\"http:\/\/collectif-louves.fr\/\",\"name\":\"Collectif LOUVES\/\",\"description\":\"\",\"potentialAction\":[{\"@type\":\"SearchAction\",\"target\":{\"@type\":\"EntryPoint\",\"urlTemplate\":\"http:\/\/collectif-louves.fr\/?s={search_term_string}\"},\"query-input\":\"required name=search_term_string\"}],\"inLanguage\":\"fr-FR\"},{\"@type\":\"ImageObject\",\"@id\":\"https:\/\/collectif-louves.fr\/?page_id=2784#primaryimage\",\"inLanguage\":\"fr-FR\",\"url\":\"http:\/\/collectif-louves.fr\/wp-content\/uploads\/2022\/10\/TITRE-CONTACT.png\",\"contentUrl\":\"http:\/\/collectif-louves.fr\/wp-content\/uploads\/2022\/10\/TITRE-CONTACT.png\",\"width\":759,\"height\":118},{\"@type\":\"WebPage\",\"@id\":\"https:\/\/collectif-louves.fr\/?page_id=2784#webpage\",\"url\":\"https:\/\/collectif-louves.fr\/?page_id=2784\",\"name\":\"Contact - Collectif LOUVES\/\",\"isPartOf\":{\"@id\":\"http:\/\/collectif-louves.fr\/#website\"},\"primaryImageOfPage\":{\"@id\":\"https:\/\/collectif-louves.fr\/?page_id=2784#primaryimage\"},\"datePublished\":\"2022-10-10T13:10:05+00:00\",\"dateModified\":\"2022-12-20T00:25:23+00:00\",\"breadcrumb\":{\"@id\":\"https:\/\/collectif-louves.fr\/?page_id=2784#breadcrumb\"},\"inLanguage\":\"fr-FR\",\"potentialAction\":[{\"@type\":\"ReadAction\",\"target\":[\"https:\/\/collectif-louves.fr\/?page_id=2784\"]}]},{\"@type\":\"BreadcrumbList\",\"@id\":\"https:\/\/collectif-louves.fr\/?page_id=2784#breadcrumb\",\"itemListElement\":[{\"@type\":\"ListItem\",\"position\":1,\"name\":\"Accueil\",\"item\":\"http:\/\/collectif-louves.fr\/\"},{\"@type\":\"ListItem\",\"position\":2,\"name\":\"Contact\"}]}]}<\/script>\n<!-- \/ Yoast SEO plugin. -->","yoast_head_json":{"title":"Contact - Collectif LOUVES\/","robots":{"index":"index","follow":"follow","max-snippet":"max-snippet:-1","max-image-preview":"max-image-preview:large","max-video-preview":"max-video-preview:-1"},"canonical":"https:\/\/collectif-louves.fr\/?page_id=2784","og_locale":"fr_FR","og_type":"article","og_title":"Contact - Collectif LOUVES\/","og_description":"Artistique, administratif \/ collectif.louves@gmail.com Technique \/ louves.scenographie@gmail.comMentions l\u00e9gales \/ Association loi 1901 &#8211; Collectif LOUVES\/Repr\u00e9sent\u00e9e par Mich\u00e8le Morot-Sir en sa qualit\u00e9 de pr\u00e9sidente et par Christiane Bir\u00e9 en sa qualit\u00e9 de tr\u00e9sori\u00e8reSi\u00e8ge social : 2 rue Max Ignazi 95230 Soisy-sous-MontmorencySiret : 82972233900019Licence 2 : L-R-22-8504","og_url":"https:\/\/collectif-louves.fr\/?page_id=2784","og_site_name":"Collectif LOUVES\/","article_modified_time":"2022-12-20T00:25:23+00:00","og_image":[{"url":"http:\/\/collectif-louves.fr\/wp-content\/uploads\/2022\/10\/TITRE-CONTACT.png"}],"twitter_card":"summary_large_image","twitter_misc":{"Dur\u00e9e de lecture est.":"2 minutes"},"schema":{"@context":"https:\/\/schema.org","@graph":[{"@type":"WebSite","@id":"http:\/\/collectif-louves.fr\/#website","url":"http:\/\/collectif-louves.fr\/","name":"Collectif LOUVES\/","description":"","potentialAction":[{"@type":"SearchAction","target":{"@type":"EntryPoint","urlTemplate":"http:\/\/collectif-louves.fr\/?s={search_term_string}"},"query-input":"required name=search_term_string"}],"inLanguage":"fr-FR"},{"@type":"ImageObject","@id":"https:\/\/collectif-louves.fr\/?page_id=2784#primaryimage","inLanguage":"fr-FR","url":"http:\/\/collectif-louves.fr\/wp-content\/uploads\/2022\/10\/TITRE-CONTACT.png","contentUrl":"http:\/\/collectif-louves.fr\/wp-content\/uploads\/2022\/10\/TITRE-CONTACT.png","width":759,"height":118},{"@type":"WebPage","@id":"https:\/\/collectif-louves.fr\/?page_id=2784#webpage","url":"https:\/\/collectif-louves.fr\/?page_id=2784","name":"Contact - Collectif LOUVES\/","isPartOf":{"@id":"http:\/\/collectif-louves.fr\/#website"},"primaryImageOfPage":{"@id":"https:\/\/collectif-louves.fr\/?page_id=2784#primaryimage"},"datePublished":"2022-10-10T13:10:05+00:00","dateModified":"2022-12-20T00:25:23+00:00","breadcrumb":{"@id":"https:\/\/collectif-louves.fr\/?page_id=2784#breadcrumb"},"inLanguage":"fr-FR","potentialAction":[{"@type":"ReadAction","target":["https:\/\/collectif-louves.fr\/?page_id=2784"]}]},{"@type":"BreadcrumbList","@id":"https:\/\/collectif-louves.fr\/?page_id=2784#breadcrumb","itemListElement":[{"@type":"ListItem","position":1,"name":"Accueil","item":"http:\/\/collectif-louves.fr\/"},{"@type":"ListItem","position":2,"name":"Contact"}]}]}},"_links":{"self":[{"href":"http:\/\/collectif-louves.fr\/index.php?rest_route=\/wp\/v2\/pages\/2784"}],"collection":[{"href":"http:\/\/collectif-louves.fr\/index.php?rest_route=\/wp\/v2\/pages"}],"about":[{"href":"http:\/\/collectif-louves.fr\/index.php?rest_route=\/wp\/v2\/types\/page"}],"author":[{"embeddable":true,"href":"http:\/\/collectif-louves.fr\/index.php?rest_route=\/wp\/v2\/users\/1"}],"replies":[{"embeddable":true,"href":"http:\/\/collectif-louves.fr\/index.php?rest_route=%2Fwp%2Fv2%2Fcomments&post=2784"}],"version-history":[{"count":85,"href":"http:\/\/collectif-louves.fr\/index.php?rest_route=\/wp\/v2\/pages\/2784\/revisions"}],"predecessor-version":[{"id":4936,"href":"http:\/\/collectif-louves.fr\/index.php?rest_route=\/wp\/v2\/pages\/2784\/revisions\/4936"}],"wp:attachment":[{"href":"http:\/\/collectif-louves.fr\/index.php?rest_route=%2Fwp%2Fv2%2Fmedia&parent=2784"}],"curies":[{"name":"wp","href":"https:\/\/api.w.org\/{rel}","templated":true}]}}